{"id":1944,"date":"2020-10-15T04:26:52","date_gmt":"2020-10-15T02:26:52","guid":{"rendered":"http:\/\/www.kolbeek.com\/?page_id=1944"},"modified":"2020-12-04T21:01:53","modified_gmt":"2020-12-04T19:01:53","slug":"quiz","status":"publish","type":"page","link":"https:\/\/www.kolbeek.com\/pt-br\/quiz\/","title":{"rendered":"Faz o quiz para saber se seu neg\u00f3cio ja tem os 3 fundamentos de marketing digital"},"content":{"rendered":"\n\n\t\t\t<h4>Faz o quiz para ver se seu neg\u00f3cio n\u00e3o falta nenhum dos 3 fundamentos de marketing digital<\/h4>\t\t\t\n\t\t\t\t\u00a0\n\n\n","protected":false},"excerpt":{"rendered":"<p>Faz o quiz para ver se seu neg\u00f3cio n\u00e3o falta nenhum dos 3 fundamentos de marketing digital \u00a0<\/p>\n","protected":false},"author":2,"featured_media":0,"parent":0,"menu_order":0,"comment_status":"closed","ping_status":"closed","template":"","meta":{"inline_featured_image":false,"site-sidebar-layout":"no-sidebar","site-content-layout":"page-builder","ast-site-content-layout":"default","site-content-style":"default","site-sidebar-style":"default","ast-global-header-display":"","ast-banner-title-visibility":"","ast-main-header-display":"","ast-hfb-above-header-display":"","ast-hfb-below-header-display":"","ast-hfb-mobile-header-display":"","site-post-title":"disabled","ast-breadcrumbs-content":"","ast-featured-img":"disabled","footer-sml-layout":"","ast-disable-related-posts":"","theme-transparent-header-meta":"default","adv-header-id-meta":"","stick-header-meta":"default","header-above-stick-meta":"","header-main-stick-meta":"","header-below-stick-meta":"","astra-migrate-meta-layouts":"default","ast-page-background-enabled":"default","ast-page-background-meta":{"desktop":{"background-color":"","background-image":"","background-repeat":"repeat","background-position":"center center","background-size":"auto","background-attachment":"scroll","background-type":"","background-media":"","overlay-type":"","overlay-color":"","overlay-opacity":"","overlay-gradient":""},"tablet":{"background-color":"","background-image":"","background-repeat":"repeat","background-position":"center center","background-size":"auto","background-attachment":"scroll","background-type":"","background-media":"","overlay-type":"","overlay-color":"","overlay-opacity":"","overlay-gradient":""},"mobile":{"background-color":"","background-image":"","background-repeat":"repeat","background-position":"center center","background-size":"auto","background-attachment":"scroll","background-type":"","background-media":"","overlay-type":"","overlay-color":"","overlay-opacity":"","overlay-gradient":""}},"ast-content-background-meta":{"desktop":{"background-color":"var(--ast-global-color-5)","background-image":"","background-repeat":"repeat","background-position":"center center","background-size":"auto","background-attachment":"scroll","background-type":"","background-media":"","overlay-type":"","overlay-color":"","overlay-opacity":"","overlay-gradient":""},"tablet":{"background-color":"var(--ast-global-color-5)","background-image":"","background-repeat":"repeat","background-position":"center center","background-size":"auto","background-attachment":"scroll","background-type":"","background-media":"","overlay-type":"","overlay-color":"","overlay-opacity":"","overlay-gradient":""},"mobile":{"background-color":"var(--ast-global-color-5)","background-image":"","background-repeat":"repeat","background-position":"center center","background-size":"auto","background-attachment":"scroll","background-type":"","background-media":"","overlay-type":"","overlay-color":"","overlay-opacity":"","overlay-gradient":""}},"footnotes":""},"class_list":["post-1944","page","type-page","status-publish","hentry"],"yoast_head":"<!-- This site is optimized with the Yoast SEO plugin v27.1.1 - https:\/\/yoast.com\/product\/yoast-seo-wordpress\/ -->\n<title>Faz o quiz para saber se seu neg\u00f3cio ja tem os 3 fundamentos de marketing digital | kolbeek.com<\/title>\n<meta name=\"robots\" content=\"index, follow, max-snippet:-1, max-image-preview:large, max-video-preview:-1\" \/>\n<link rel=\"canonical\" href=\"https:\/\/www.kolbeek.com\/pt-br\/quiz\/\" \/>\n<meta property=\"og:locale\" content=\"pt_BR\" \/>\n<meta property=\"og:type\" content=\"article\" \/>\n<meta property=\"og:title\" content=\"Faz o quiz para saber se seu neg\u00f3cio ja tem os 3 fundamentos de marketing digital | kolbeek.com\" \/>\n<meta property=\"og:description\" content=\"Faz o quiz para ver se seu neg\u00f3cio n\u00e3o falta nenhum dos 3 fundamentos de marketing digital \u00a0\" \/>\n<meta property=\"og:url\" content=\"https:\/\/www.kolbeek.com\/pt-br\/quiz\/\" \/>\n<meta property=\"og:site_name\" content=\"Online marketing consultancy van Hans Kolbeek\" \/>\n<meta property=\"article:publisher\" content=\"https:\/\/www.facebook.com\/kolbeeknl\" \/>\n<meta property=\"article:modified_time\" content=\"2020-12-04T19:01:53+00:00\" \/>\n<meta property=\"og:image\" content=\"https:\/\/www.kolbeek.com\/wp-content\/uploads\/vem-ca-vem-fazer-o-quiz.png\" \/>\n\t<meta property=\"og:image:width\" content=\"1700\" \/>\n\t<meta property=\"og:image:height\" content=\"976\" \/>\n\t<meta property=\"og:image:type\" content=\"image\/png\" \/>\n<meta name=\"twitter:card\" content=\"summary_large_image\" \/>\n<meta name=\"twitter:site\" content=\"@kolbeekNL\" \/>\n<script type=\"application\/ld+json\" class=\"yoast-schema-graph\">{\"@context\":\"https:\/\/schema.org\",\"@graph\":[{\"@type\":\"WebPage\",\"@id\":\"https:\/\/www.kolbeek.com\/pt-br\/quiz\/\",\"url\":\"https:\/\/www.kolbeek.com\/pt-br\/quiz\/\",\"name\":\"Faz o quiz para saber se seu neg\u00f3cio ja tem os 3 fundamentos de marketing digital | kolbeek.com\",\"isPartOf\":{\"@id\":\"https:\/\/www.kolbeek.com\/pt-br\/#website\"},\"datePublished\":\"2020-10-15T02:26:52+00:00\",\"dateModified\":\"2020-12-04T19:01:53+00:00\",\"breadcrumb\":{\"@id\":\"https:\/\/www.kolbeek.com\/pt-br\/quiz\/#breadcrumb\"},\"inLanguage\":\"pt-BR\",\"potentialAction\":[{\"@type\":\"ReadAction\",\"target\":[\"https:\/\/www.kolbeek.com\/pt-br\/quiz\/\"]}]},{\"@type\":\"BreadcrumbList\",\"@id\":\"https:\/\/www.kolbeek.com\/pt-br\/quiz\/#breadcrumb\",\"itemListElement\":[{\"@type\":\"ListItem\",\"position\":1,\"name\":\"Home\",\"item\":\"https:\/\/www.kolbeek.com\/pt-br\/\"},{\"@type\":\"ListItem\",\"position\":2,\"name\":\"Faz o quiz para saber se seu neg\u00f3cio ja tem os 3 fundamentos de marketing digital\"}]},{\"@type\":\"WebSite\",\"@id\":\"https:\/\/www.kolbeek.com\/pt-br\/#website\",\"url\":\"https:\/\/www.kolbeek.com\/pt-br\/\",\"name\":\"Online marketing consultancy van Hans Kolbeek\",\"description\":\"\",\"publisher\":{\"@id\":\"https:\/\/www.kolbeek.com\/pt-br\/#organization\"},\"potentialAction\":[{\"@type\":\"SearchAction\",\"target\":{\"@type\":\"EntryPoint\",\"urlTemplate\":\"https:\/\/www.kolbeek.com\/pt-br\/?s={search_term_string}\"},\"query-input\":{\"@type\":\"PropertyValueSpecification\",\"valueRequired\":true,\"valueName\":\"search_term_string\"}}],\"inLanguage\":\"pt-BR\"},{\"@type\":\"Organization\",\"@id\":\"https:\/\/www.kolbeek.com\/pt-br\/#organization\",\"name\":\"Kolbeek Online Marketing\",\"url\":\"https:\/\/www.kolbeek.com\/pt-br\/\",\"logo\":{\"@type\":\"ImageObject\",\"inLanguage\":\"pt-BR\",\"@id\":\"https:\/\/www.kolbeek.com\/pt-br\/#\/schema\/logo\/image\/\",\"url\":\"http:\/\/www.kolbeek.com\/wp-content\/uploads\/footer.png\",\"contentUrl\":\"http:\/\/www.kolbeek.com\/wp-content\/uploads\/footer.png\",\"width\":416,\"height\":111,\"caption\":\"Kolbeek Online Marketing\"},\"image\":{\"@id\":\"https:\/\/www.kolbeek.com\/pt-br\/#\/schema\/logo\/image\/\"},\"sameAs\":[\"https:\/\/www.facebook.com\/kolbeeknl\",\"https:\/\/x.com\/kolbeekNL\",\"https:\/\/instagram.com\/kolbeekNL\",\"https:\/\/linkedin.com\/in\/hanskolbeek\"]}]}<\/script>\n<!-- \/ Yoast SEO plugin. -->","yoast_head_json":{"title":"Faz o quiz para saber se seu neg\u00f3cio ja tem os 3 fundamentos de marketing digital | kolbeek.com","robots":{"index":"index","follow":"follow","max-snippet":"max-snippet:-1","max-image-preview":"max-image-preview:large","max-video-preview":"max-video-preview:-1"},"canonical":"https:\/\/www.kolbeek.com\/pt-br\/quiz\/","og_locale":"pt_BR","og_type":"article","og_title":"Faz o quiz para saber se seu neg\u00f3cio ja tem os 3 fundamentos de marketing digital | kolbeek.com","og_description":"Faz o quiz para ver se seu neg\u00f3cio n\u00e3o falta nenhum dos 3 fundamentos de marketing digital \u00a0","og_url":"https:\/\/www.kolbeek.com\/pt-br\/quiz\/","og_site_name":"Online marketing consultancy van Hans Kolbeek","article_publisher":"https:\/\/www.facebook.com\/kolbeeknl","article_modified_time":"2020-12-04T19:01:53+00:00","og_image":[{"width":1700,"height":976,"url":"https:\/\/www.kolbeek.com\/wp-content\/uploads\/vem-ca-vem-fazer-o-quiz.png","type":"image\/png"}],"twitter_card":"summary_large_image","twitter_site":"@kolbeekNL","schema":{"@context":"https:\/\/schema.org","@graph":[{"@type":"WebPage","@id":"https:\/\/www.kolbeek.com\/pt-br\/quiz\/","url":"https:\/\/www.kolbeek.com\/pt-br\/quiz\/","name":"Faz o quiz para saber se seu neg\u00f3cio ja tem os 3 fundamentos de marketing digital | kolbeek.com","isPartOf":{"@id":"https:\/\/www.kolbeek.com\/pt-br\/#website"},"datePublished":"2020-10-15T02:26:52+00:00","dateModified":"2020-12-04T19:01:53+00:00","breadcrumb":{"@id":"https:\/\/www.kolbeek.com\/pt-br\/quiz\/#breadcrumb"},"inLanguage":"pt-BR","potentialAction":[{"@type":"ReadAction","target":["https:\/\/www.kolbeek.com\/pt-br\/quiz\/"]}]},{"@type":"BreadcrumbList","@id":"https:\/\/www.kolbeek.com\/pt-br\/quiz\/#breadcrumb","itemListElement":[{"@type":"ListItem","position":1,"name":"Home","item":"https:\/\/www.kolbeek.com\/pt-br\/"},{"@type":"ListItem","position":2,"name":"Faz o quiz para saber se seu neg\u00f3cio ja tem os 3 fundamentos de marketing digital"}]},{"@type":"WebSite","@id":"https:\/\/www.kolbeek.com\/pt-br\/#website","url":"https:\/\/www.kolbeek.com\/pt-br\/","name":"Online marketing consultancy van Hans Kolbeek","description":"","publisher":{"@id":"https:\/\/www.kolbeek.com\/pt-br\/#organization"},"potentialAction":[{"@type":"SearchAction","target":{"@type":"EntryPoint","urlTemplate":"https:\/\/www.kolbeek.com\/pt-br\/?s={search_term_string}"},"query-input":{"@type":"PropertyValueSpecification","valueRequired":true,"valueName":"search_term_string"}}],"inLanguage":"pt-BR"},{"@type":"Organization","@id":"https:\/\/www.kolbeek.com\/pt-br\/#organization","name":"Kolbeek Online Marketing","url":"https:\/\/www.kolbeek.com\/pt-br\/","logo":{"@type":"ImageObject","inLanguage":"pt-BR","@id":"https:\/\/www.kolbeek.com\/pt-br\/#\/schema\/logo\/image\/","url":"http:\/\/www.kolbeek.com\/wp-content\/uploads\/footer.png","contentUrl":"http:\/\/www.kolbeek.com\/wp-content\/uploads\/footer.png","width":416,"height":111,"caption":"Kolbeek Online Marketing"},"image":{"@id":"https:\/\/www.kolbeek.com\/pt-br\/#\/schema\/logo\/image\/"},"sameAs":["https:\/\/www.facebook.com\/kolbeeknl","https:\/\/x.com\/kolbeekNL","https:\/\/instagram.com\/kolbeekNL","https:\/\/linkedin.com\/in\/hanskolbeek"]}]}},"_links":{"self":[{"href":"https:\/\/www.kolbeek.com\/pt-br\/wp-json\/wp\/v2\/pages\/1944","targetHints":{"allow":["GET"]}}],"collection":[{"href":"https:\/\/www.kolbeek.com\/pt-br\/wp-json\/wp\/v2\/pages"}],"about":[{"href":"https:\/\/www.kolbeek.com\/pt-br\/wp-json\/wp\/v2\/types\/page"}],"author":[{"embeddable":true,"href":"https:\/\/www.kolbeek.com\/pt-br\/wp-json\/wp\/v2\/users\/2"}],"replies":[{"embeddable":true,"href":"https:\/\/www.kolbeek.com\/pt-br\/wp-json\/wp\/v2\/comments?post=1944"}],"version-history":[{"count":0,"href":"https:\/\/www.kolbeek.com\/pt-br\/wp-json\/wp\/v2\/pages\/1944\/revisions"}],"wp:attachment":[{"href":"https:\/\/www.kolbeek.com\/pt-br\/wp-json\/wp\/v2\/media?parent=1944"}],"curies":[{"name":"wp","href":"https:\/\/api.w.org\/{rel}","templated":true}]}}