{"id":1158,"date":"2019-08-16T19:43:55","date_gmt":"2019-08-16T17:43:55","guid":{"rendered":"http:\/\/www.kolbeek.com\/home\/"},"modified":"2025-04-01T15:57:31","modified_gmt":"2025-04-01T13:57:31","slug":"home","status":"publish","type":"page","link":"https:\/\/www.kolbeek.com\/pt-br\/","title":{"rendered":"Home"},"content":{"rendered":"\n\n\t\t\t<h1>3 fundamentos para resolver seu marketing digital de uma vez por todos!<\/h1>\t\t\t\n\t\t\t\t<p>Voc\u00ea ta se atrapalhando. Pare. Use um plano passo-a-passo que faz que seu marketing digital fique simples e perigosamente eficaz.<\/p>\n\t\t\t<a href=\"https:\/\/calendly.com\/kolbeek\/exploration\" title=\"Click Here\" target=\"_self\"   role=\"button\" aria-label=\"Agendar uma liga\u00e7\u00e3o gratuita com o Hans\">\n\t\t\t\t\t\t\tAgendar uma liga\u00e7\u00e3o gratuita com o Hans\n\t\t<\/a>\n\t<ul>\n\t\t<li>\t\t\t\t\n\t\t<p>Impressiona seu p\u00fablicoQuanto voc\u00ea j\u00e1 perdeu porque as pessoas nem lembram de voc\u00ea?A primeira impress\u00e3o importa.<\/p><\/li>\t<\/ul>\n\t<ul>\n\t\t<li>\t\t\t\t\n\t\t<p>Alcance mais pessoasO pessoal gosta de compartilhar seu conte\u00fado quando tem palavras claras, um design profissional e sues posts realmente movem as pessoas.<\/p><\/li>\t<\/ul>\n\t<ul>\n\t\t<li>\t\t\t\t\n\t\t<p>Faz seu neg\u00f3cio crescerCom an\u00fancios afinadas que convertem 2X melhor do que o resto do mercado.<\/p><\/li>\t<\/ul>\n\t\t\t<h3>Fazer crescer o seu neg\u00f3cio n\u00e3o deve ser t\u00e3o dif\u00edcil &#8230;<\/h3>\t\t\t\n\t\t\t\t<p>Neg\u00f3cios que est\u00e3o fazendo o BEM devem continuar crescendo!<\/p>\n<p>S\u00f3 que tem um problema:<\/p>\n<p>Muitos neg\u00f3cios como o seu ainda faltam o conhecimento sobre o marketing digital que \u00e9 necess\u00e1rio para isso.<\/p>\n<p>Mas eu n\u00e3o aguento mais ver isso n\u00e3o!<\/p>\n<p><img decoding=\"async\" src=\"http:\/\/www.kolbeek.com\/wp-content\/uploads\/nao-aguento-mais.gif\" alt=\"\" \/><\/p>\n<p>Voc\u00ea precisa captar mais leads! Porque eu quero ver voc\u00ea florescer!<\/p>\n<p>Voc\u00ea pode aprender como fazer isso sozinho atrav\u00e9s das minhas aulas.<\/p>\n<p>Ou voc\u00ea me contrata e eu fa\u00e7o isso por voc\u00ea.<\/p>\n<p>De qualquer jeito, eu quero que voc\u00ea come\u00e7a relaxar de novo!<\/p>\n<p>Agora DEU de ficar estressado com o seu marketing.<\/p>\n<p>Deixa eu me preocupar com isso, t\u00e1 bom?<\/p>\n<p>E assim, voc\u00ea pode se focar no seu trabalho que voc\u00ea gosta de fazer.<\/p>\n<p>Voc\u00ea se sente chamado para trabalhar comigo?<\/p>\n<p>Ent\u00e3o, me permite a te ajudar!<\/p>\n\t\t\t<a href=\"https:\/\/calendly.com\/kolbeek\/exploration\" title=\"Click Here\" target=\"_self\"   role=\"button\" aria-label=\"Agendar uma liga\u00e7\u00e3o gratuita com o Hans\">\n\t\t\t\t\t\t\tAgendar uma liga\u00e7\u00e3o gratuita com o Hans\n\t\t<\/a>\n\t\t\t<h5>Alguns neg\u00f3cios que j\u00e1 trabalharam comigo<\/h5>\t\t\t\n\t\t\t\t<img decoding=\"async\" src=\"http:\/\/www.kolbeek.com\/wp-content\/uploads\/Hans-heeft-gewerkt-met.png\" alt=\"Hans heeft gewerkt met\" title=\"Hans heeft gewerkt met\" itemprop=\"image\"  \/>\n\t\t\t<h2>Sobre Mim<\/h2>\t\t\t\n\t\t\t\t<p>Era uma vez, foi Junho 2011, que eu entrei no jogo do marketing digital.<\/p>\n<p>Eu comecei a fazer blogs, SEO e An\u00e1lise de Dados e rapidamente eu tamb\u00e9m fui mexendo com M\u00eddias Sociais e An\u00fancios Online.<\/p>\n<p>Com essa experi\u00eancia, trabalhando em agencias e como freelancer na B\u00e9lgica e Holanda, eu ajudei IN\u00daMEROS neg\u00f3cios a crescer.<\/p>\n<p>Eram clientes variando de grandes, pequenas e at\u00e9 micro empresas individual.<\/p>\n<p>E deixo eu te dizer uma coisa:<\/p>\n<p>Em todos esses anos no marketing digital, eu vi muitas coisas que me deixava sempre MUITO TRISTE &#8230;<\/p>\n<p><img loading=\"lazy\" decoding=\"async\" src=\"http:\/\/www.kolbeek.com\/wp-content\/uploads\/een-verdrietige-hans-kolbeek.jpg\" alt=\"sad guy sitting under tree\" width=\"300\" height=\"400\" \/><\/p>\n<ul>\n<li>muita manipula\u00e7\u00e3o<\/li>\n<li>sempre promovendo estados de escassez<\/li>\n<li>e sempre deixando as pessoas com ang\u00fastia para fazer elas a comprarem<\/li>\n<\/ul>\n<blockquote>\n<p><strong>E eu sou CONTRA disso.<\/strong><\/p>\n<\/blockquote>\n<p>Eu sei que empresas como a sua (e seus clientes) precisam de um tipo de marketing TOTALMENTE DIFFERENTE.<\/p>\n<p>Bom&#8230;<\/p>\n<p>Se eles querem CRESCER de forma sustent\u00e1vel a LONGO PRAZO, claro&#8230;<\/p>\n<p>\u00c9 por isso que uso um m\u00e9todo de marketing diferente.<\/p>\n<p>Meu m\u00e9todo \u00e9 baseado em:<\/p>\n<ul>\n<li>autenticidade<\/li>\n<li>abund\u00e2ncia<\/li>\n<li>confian\u00e7a<\/li>\n<\/ul>\n<p><img loading=\"lazy\" decoding=\"async\" src=\"http:\/\/www.kolbeek.com\/wp-content\/uploads\/ai-sim-hein-hans.png\" alt=\"\" width=\"600\" height=\"500\" \/><\/p>\n<p>Voc\u00ea sabe como eu inventei esse novo m\u00e9todo?<\/p>\n<p>Bom, eu juntei 3 elementos:<\/p>\n<ol>\n<li>Dados anal\u00edticos (sei que funciona porque vejo nos dados)<\/li>\n<li>Mitologia e espiritualidade (para conectar com o cora\u00e7\u00e3o das pessoas)<\/li>\n<li>E os \u00faltimos insights da neuropsicologia (para se conectar com a cabe\u00e7a das pessoas)<\/li>\n<\/ol>\n<p>Parece impressionante, n\u00e9?<\/p>\n<p>Pois \u00e9. Mas na realidade n\u00e3o \u00e9.<\/p>\n<p>Este m\u00e9todo na verdade \u00e9 MUITO SIMPLES e voc\u00ea vai ver que ela vai vir 100% NATURALMENTE para voc\u00ea.<\/p>\n<p>Sabe porque?<\/p>\n<p>Porque tudo aqui parte do princ\u00edpio que:<\/p>\n<blockquote>\n<p><strong>TUDO \u00e9 um jogo.<\/strong><\/p>\n<\/blockquote>\n<p>Ent\u00e3o, marketing online \u00e9 um jogo tamb\u00e9m.<\/p>\n<p>E todo jogo tem regras.<\/p>\n<p>Se voc\u00ea n\u00e3o sabe as regras, n\u00e3o tem como voc\u00ea ganhar.<\/p>\n<blockquote>\n<p><strong>Felizmente para n\u00f3s, s\u00f3 existem 3 regras nesse jogo.<\/strong><\/p>\n<\/blockquote>\n<p><img loading=\"lazy\" decoding=\"async\" src=\"http:\/\/www.kolbeek.com\/wp-content\/uploads\/as-3-regras-do-marketing-digital.png\" alt=\"\" width=\"600\" height=\"500\" \/><\/p>\n<p>E eu ficaria HONRADO se voc\u00ea me permite a te ensina-los!<\/p>\n<p>Eu espero que voc\u00ea aceite a minha proposta porque TODO M\u00caS, eu vejo muitos neg\u00f3cios do bem perder tantos leads&#8230;<\/p>\n<p>E EU N\u00c3O SUPORTO MAIS ISSO!<\/p>\n<p><img decoding=\"async\" src=\"http:\/\/www.kolbeek.com\/wp-content\/uploads\/eu-nao-suporto-mais-essa-porra.gif\" alt=\"\" \/><\/p>\n<p><a href=\"https:\/\/www.kolbeek.com\/pt-br\/livro-os-3-fundamentos-de-marketing-digital\/\">\u00c9 por isso que eu convido voc\u00ea a ler meu livro<\/a><\/p>\n<p>Quando voc\u00ea terminar meu livro, voc\u00ea vai saber EXATAMENTE o que essas tr\u00eas regras significam para o seu trabalho di\u00e1rio de marketing online.<\/p>\n<p><a href=\"https:\/\/www.kolbeek.com\/pt-br\/livro-os-3-fundamentos-de-marketing-digital\/\">Clique aqui<\/a> para que eu possa te enviar uma c\u00f3pia gratuita do meu livro.<\/p>\n<p>Ou se prefere: Me ligue diretamente para saber como que eu posso servir voc\u00ea &#8230; Clique no bot\u00e3o abaixo e agende uma liga\u00e7\u00e3o.<\/p>\n\t\t\t<a href=\"https:\/\/calendly.com\/kolbeek\/exploration\" title=\"Click Here\" target=\"_self\"   role=\"button\" aria-label=\"Agendar uma liga\u00e7\u00e3o gratuita com o Hans\">\n\t\t\t\t\t\t\tAgendar uma liga\u00e7\u00e3o gratuita com o Hans\n\t\t<\/a>\n\t\t\t<h2>Como trabalhar juntos<\/h2>\t\t\t\n\t\t\t\t<p>Somos seu guia no seu universo de marketing digital. Por isso ajudamos voc\u00ea desde o come\u00e7o at\u00e9 o fim. Escolhe o que voc\u00ea precisa dependendo do passo que voc\u00ea est\u00e1.<\/p>\n\t\t<h4>1. Aprender<\/h4>\t\t\t\n\t\t\t\t<p>Para voc\u00ea aprender os fundamentos de marketing digital temos:<\/p>\n<p>&#8211; <a href=\"https:\/\/www.kolbeek.com\/pt-br\/quiz\/\">o quiz<\/a><br \/>&#8211; <a href=\"https:\/\/www.kolbeek.com\/pt-br\/livro-os-3-fundamentos-de-marketing-digital\/\">o livro<\/a><br \/>&#8211; <a href=\"https:\/\/hotmart.com\/product\/os-3-fundamentos-de-marketing-digital-que-voce-precisa-implementar-antes-de-gastar-r-1-em-anuncios\/\">o curso<\/a><\/p>\n\t\t<h4>2. Implementar<\/h4>\t\t\t\n\t\t\t\t<p>Para implementar os fundamentos para seu neg\u00f3cio temos:<\/p>\n<p>&#8211; <a href=\"https:\/\/hotmart.com\/product\/os-3-fundamentos-de-marketing-digital-que-voce-precisa-implementar-antes-de-gastar-r-1-em-anuncios\/\">o curso online<\/a><br \/>&#8211; workshop em grupo<br \/>&#8211; workshop corporativo<\/p>\n\t\t<h4>3. Crescer<\/h4>\t\t\t\n\t\t\t\t<p>Para criar campanhas, gerar leads e crescer seu neg\u00f3cio temos:<\/p>\n<p>&#8211; configura\u00e7\u00e3o de campanhas de an\u00fancios<br \/>&#8211; consultoria e manuten\u00e7\u00e3o mensal<br \/>&#8211; treinamentos corporativos<\/p>\n\t\t\t\t<img decoding=\"async\" src=\"http:\/\/www.kolbeek.com\/wp-content\/uploads\/Screen-Shot-2020-10-14-at-11.34.00-PM.png\" alt=\"Screen Shot 2020-10-14 at 11.34.00 PM\" title=\"Screen Shot 2020-10-14 at 11.34.00 PM\" itemprop=\"image\"\/>\n\t\t<h4>1. Faz o quiz<\/h4>\t\t\t\n\t\t\t\t<p>Existem 3 fundamentos que voc\u00ea precisa ter no seu marketing digital ANTES de gastar R$1 em an\u00fancios.<\/p>\n<p>Responde essas 3 perguntas r\u00e1pidas no quiz e saiba se voc\u00ea ja est\u00e1 pronto ou se falta alguma coisa ainda&#8230;<\/p>\n\t\t\t<a href=\"https:\/\/www.kolbeek.com\/pt-br\/quiz\/\" title=\"Click Here\" target=\"_self\"   role=\"button\" aria-label=\"\u25ba  BORA FAZER O QUIZ\">\n\t\t\t\t\t\t\t\u25ba  BORA FAZER O QUIZ\n\t\t<\/a>\n\t\t\t\t<img decoding=\"async\" src=\"http:\/\/www.kolbeek.com\/wp-content\/uploads\/Screen-Shot-2020-10-14-at-11.41.46-PM.png\" alt=\"Screen Shot 2020-10-14 at 11.41.46 PM\" title=\"Screen Shot 2020-10-14 at 11.41.46 PM\" itemprop=\"image\"\/>\n\t\t<h4>2. Ler meu livro<\/h4>\t\t\t\n\t\t\t\t<p>Aprende os 3 fundamentos em detalhes com meu livro &#8220;Os 3 fundamentos de marketing digital&#8221;.<\/p>\n<p>Este e-book de 63 p\u00e1ginas te ensina tudo que precisa saber, beleza?<\/p>\n<p>S\u00f3 me passa seu e-mail (ou endere\u00e7o da casa) e eu te envio o livro.<\/p>\n<a href=\"https:\/\/www.kolbeek.com\/pt-br\/livro-os-3-fundamentos-de-marketing-digital\/\" target=\"_self\">Blz deixa eu ver esse livro a\u00ed<\/a>\t\t\t\n\t\t\t\t<img decoding=\"async\" src=\"http:\/\/www.kolbeek.com\/wp-content\/uploads\/Screen-Shot-2020-10-14-at-11.34.40-PM.png\" alt=\"Screen Shot 2020-10-14 at 11.34.40 PM\" title=\"Screen Shot 2020-10-14 at 11.34.40 PM\" itemprop=\"image\"\/>\n\t\t<h4>3. Fazer meu curso<\/h4>\t\t\t\n\t\t\t\t<p>Em 4,5 horas (26 aulas de v\u00eddeo) eu sou seu guia no universo de marketing digital. Eu te ensino, passo a passo, os 3 fundamentos de marketing digital e como implementar para o seu neg\u00f3cio.<\/p>\n<p>Para que seu marketing seja aut\u00eantico e gera leads, mesmo quando voc\u00ea dorme.<\/p>\n<a href=\"https:\/\/hotmart.com\/product\/os-3-fundamentos-de-marketing-digital-que-voce-precisa-implementar-antes-de-gastar-r-1-em-anuncios\/\" target=\"_self\">Quero fazer o curso<\/a>\t\t\t\n\n","protected":false},"excerpt":{"rendered":"<p>3 fundamentos para resolver seu marketing digital de uma vez por todos! Voc\u00ea ta se atrapalhando. Pare. Use um plano passo-a-passo que faz que seu marketing digital fique simples e perigosamente eficaz. Agendar uma liga\u00e7\u00e3o gratuita com o Hans Impressiona seu p\u00fablicoQuanto voc\u00ea j\u00e1 perdeu porque as pessoas nem lembram de voc\u00ea?A primeira impress\u00e3o importa. [&hellip;]<\/p>\n","protected":false},"author":1,"featured_media":0,"parent":0,"menu_order":0,"comment_status":"closed","ping_status":"open","template":"","meta":{"inline_featured_image":false,"site-sidebar-layout":"default","site-content-layout":"default","ast-site-content-layout":"default","site-content-style":"default","site-sidebar-style":"default","ast-global-header-display":"","ast-banner-title-visibility":"","ast-main-header-display":"","ast-hfb-above-header-display":"","ast-hfb-below-header-display":"","ast-hfb-mobile-header-display":"","site-post-title":"disabled","ast-breadcrumbs-content":"","ast-featured-img":"","footer-sml-layout":"","ast-disable-related-posts":"","theme-transparent-header-meta":"disabled","adv-header-id-meta":"","stick-header-meta":"default","header-above-stick-meta":"","header-main-stick-meta":"","header-below-stick-meta":"","astra-migrate-meta-layouts":"set","ast-page-background-enabled":"default","ast-page-background-meta":{"desktop":{"background-color":"","background-image":"","background-repeat":"repeat","background-position":"center center","background-size":"auto","background-attachment":"scroll","background-type":"","background-media":"","overlay-type":"","overlay-color":"","overlay-opacity":"","overlay-gradient":""},"tablet":{"background-color":"","background-image":"","background-repeat":"repeat","background-position":"center center","background-size":"auto","background-attachment":"scroll","background-type":"","background-media":"","overlay-type":"","overlay-color":"","overlay-opacity":"","overlay-gradient":""},"mobile":{"background-color":"","background-image":"","background-repeat":"repeat","background-position":"center center","background-size":"auto","background-attachment":"scroll","background-type":"","background-media":"","overlay-type":"","overlay-color":"","overlay-opacity":"","overlay-gradient":""}},"ast-content-background-meta":{"desktop":{"background-color":"var(--ast-global-color-5)","background-image":"","background-repeat":"repeat","background-position":"center center","background-size":"auto","background-attachment":"scroll","background-type":"","background-media":"","overlay-type":"","overlay-color":"","overlay-opacity":"","overlay-gradient":""},"tablet":{"background-color":"var(--ast-global-color-5)","background-image":"","background-repeat":"repeat","background-position":"center center","background-size":"auto","background-attachment":"scroll","background-type":"","background-media":"","overlay-type":"","overlay-color":"","overlay-opacity":"","overlay-gradient":""},"mobile":{"background-color":"var(--ast-global-color-5)","background-image":"","background-repeat":"repeat","background-position":"center center","background-size":"auto","background-attachment":"scroll","background-type":"","background-media":"","overlay-type":"","overlay-color":"","overlay-opacity":"","overlay-gradient":""}},"footnotes":""},"class_list":["post-1158","page","type-page","status-publish","hentry"],"yoast_head":"<!-- This site is optimized with the Yoast SEO plugin v27.1.1 - https:\/\/yoast.com\/product\/yoast-seo-wordpress\/ -->\n<title>kolbeek | Consultoria de Marketing Digital Para Empresas, ONG&#039;s e Escolas<\/title>\n<meta name=\"description\" content=\"Chega de se estressar sobre o seu marketing digital. Resolve seu marketing online de uma vez por todos agora! Deixa o Hans cuidar disso para voc\u00ea.\" \/>\n<meta name=\"robots\" content=\"index, follow, max-snippet:-1, max-image-preview:large, max-video-preview:-1\" \/>\n<link rel=\"canonical\" href=\"https:\/\/www.kolbeek.com\/pt-br\/\" \/>\n<meta property=\"og:locale\" content=\"pt_BR\" \/>\n<meta property=\"og:type\" content=\"article\" \/>\n<meta property=\"og:title\" content=\"kolbeek | Consultoria de Marketing Digital Para Empresas, ONG&#039;s e Escolas\" \/>\n<meta property=\"og:description\" content=\"Chega de se estressar sobre o seu marketing digital. Resolve seu marketing online de uma vez por todos agora! Deixa o Hans cuidar disso para voc\u00ea.\" \/>\n<meta property=\"og:url\" content=\"https:\/\/www.kolbeek.com\/pt-br\/\" \/>\n<meta property=\"og:site_name\" content=\"Online marketing consultancy van Hans Kolbeek\" \/>\n<meta property=\"article:publisher\" content=\"https:\/\/www.facebook.com\/kolbeeknl\" \/>\n<meta property=\"article:modified_time\" content=\"2025-04-01T13:57:31+00:00\" \/>\n<meta property=\"og:image\" content=\"https:\/\/www.kolbeek.com\/wp-content\/uploads\/os-3-fundamentos-de-marketing-digitalv1.png\" \/>\n\t<meta property=\"og:image:width\" content=\"1019\" \/>\n\t<meta property=\"og:image:height\" content=\"552\" \/>\n\t<meta property=\"og:image:type\" content=\"image\/png\" \/>\n<meta name=\"twitter:card\" content=\"summary_large_image\" \/>\n<meta name=\"twitter:site\" content=\"@kolbeekNL\" \/>\n<meta name=\"twitter:label1\" content=\"Est. tempo de leitura\" \/>\n\t<meta name=\"twitter:data1\" content=\"7 minutos\" \/>\n<script type=\"application\/ld+json\" class=\"yoast-schema-graph\">{\"@context\":\"https:\/\/schema.org\",\"@graph\":[{\"@type\":\"WebPage\",\"@id\":\"https:\/\/www.kolbeek.com\/pt-br\/\",\"url\":\"https:\/\/www.kolbeek.com\/pt-br\/\",\"name\":\"kolbeek | Consultoria de Marketing Digital Para Empresas, ONG's e Escolas\",\"isPartOf\":{\"@id\":\"https:\/\/www.kolbeek.com\/pt-br\/#website\"},\"primaryImageOfPage\":{\"@id\":\"https:\/\/www.kolbeek.com\/pt-br\/#primaryimage\"},\"image\":{\"@id\":\"https:\/\/www.kolbeek.com\/pt-br\/#primaryimage\"},\"thumbnailUrl\":\"http:\/\/www.kolbeek.com\/wp-content\/uploads\/nao-aguento-mais.gif\",\"datePublished\":\"2019-08-16T17:43:55+00:00\",\"dateModified\":\"2025-04-01T13:57:31+00:00\",\"description\":\"Chega de se estressar sobre o seu marketing digital. Resolve seu marketing online de uma vez por todos agora! Deixa o Hans cuidar disso para voc\u00ea.\",\"breadcrumb\":{\"@id\":\"https:\/\/www.kolbeek.com\/pt-br\/#breadcrumb\"},\"inLanguage\":\"pt-BR\",\"potentialAction\":[{\"@type\":\"ReadAction\",\"target\":[\"https:\/\/www.kolbeek.com\/pt-br\/\"]}]},{\"@type\":\"ImageObject\",\"inLanguage\":\"pt-BR\",\"@id\":\"https:\/\/www.kolbeek.com\/pt-br\/#primaryimage\",\"url\":\"http:\/\/www.kolbeek.com\/wp-content\/uploads\/nao-aguento-mais.gif\",\"contentUrl\":\"http:\/\/www.kolbeek.com\/wp-content\/uploads\/nao-aguento-mais.gif\"},{\"@type\":\"BreadcrumbList\",\"@id\":\"https:\/\/www.kolbeek.com\/pt-br\/#breadcrumb\",\"itemListElement\":[{\"@type\":\"ListItem\",\"position\":1,\"name\":\"Home\",\"item\":\"https:\/\/www.kolbeek.com\/pt-br\/\"},{\"@type\":\"ListItem\",\"position\":2,\"name\":\"Home\"}]},{\"@type\":\"WebSite\",\"@id\":\"https:\/\/www.kolbeek.com\/pt-br\/#website\",\"url\":\"https:\/\/www.kolbeek.com\/pt-br\/\",\"name\":\"Online marketing consultancy van Hans Kolbeek\",\"description\":\"\",\"publisher\":{\"@id\":\"https:\/\/www.kolbeek.com\/pt-br\/#organization\"},\"potentialAction\":[{\"@type\":\"SearchAction\",\"target\":{\"@type\":\"EntryPoint\",\"urlTemplate\":\"https:\/\/www.kolbeek.com\/pt-br\/?s={search_term_string}\"},\"query-input\":{\"@type\":\"PropertyValueSpecification\",\"valueRequired\":true,\"valueName\":\"search_term_string\"}}],\"inLanguage\":\"pt-BR\"},{\"@type\":\"Organization\",\"@id\":\"https:\/\/www.kolbeek.com\/pt-br\/#organization\",\"name\":\"Kolbeek Online Marketing\",\"url\":\"https:\/\/www.kolbeek.com\/pt-br\/\",\"logo\":{\"@type\":\"ImageObject\",\"inLanguage\":\"pt-BR\",\"@id\":\"https:\/\/www.kolbeek.com\/pt-br\/#\/schema\/logo\/image\/\",\"url\":\"http:\/\/www.kolbeek.com\/wp-content\/uploads\/footer.png\",\"contentUrl\":\"http:\/\/www.kolbeek.com\/wp-content\/uploads\/footer.png\",\"width\":416,\"height\":111,\"caption\":\"Kolbeek Online Marketing\"},\"image\":{\"@id\":\"https:\/\/www.kolbeek.com\/pt-br\/#\/schema\/logo\/image\/\"},\"sameAs\":[\"https:\/\/www.facebook.com\/kolbeeknl\",\"https:\/\/x.com\/kolbeekNL\",\"https:\/\/instagram.com\/kolbeekNL\",\"https:\/\/linkedin.com\/in\/hanskolbeek\"]}]}<\/script>\n<!-- \/ Yoast SEO plugin. -->","yoast_head_json":{"title":"kolbeek | Consultoria de Marketing Digital Para Empresas, ONG's e Escolas","description":"Chega de se estressar sobre o seu marketing digital. Resolve seu marketing online de uma vez por todos agora! Deixa o Hans cuidar disso para voc\u00ea.","robots":{"index":"index","follow":"follow","max-snippet":"max-snippet:-1","max-image-preview":"max-image-preview:large","max-video-preview":"max-video-preview:-1"},"canonical":"https:\/\/www.kolbeek.com\/pt-br\/","og_locale":"pt_BR","og_type":"article","og_title":"kolbeek | Consultoria de Marketing Digital Para Empresas, ONG's e Escolas","og_description":"Chega de se estressar sobre o seu marketing digital. Resolve seu marketing online de uma vez por todos agora! Deixa o Hans cuidar disso para voc\u00ea.","og_url":"https:\/\/www.kolbeek.com\/pt-br\/","og_site_name":"Online marketing consultancy van Hans Kolbeek","article_publisher":"https:\/\/www.facebook.com\/kolbeeknl","article_modified_time":"2025-04-01T13:57:31+00:00","og_image":[{"width":1019,"height":552,"url":"https:\/\/www.kolbeek.com\/wp-content\/uploads\/os-3-fundamentos-de-marketing-digitalv1.png","type":"image\/png"}],"twitter_card":"summary_large_image","twitter_site":"@kolbeekNL","twitter_misc":{"Est. tempo de leitura":"7 minutos"},"schema":{"@context":"https:\/\/schema.org","@graph":[{"@type":"WebPage","@id":"https:\/\/www.kolbeek.com\/pt-br\/","url":"https:\/\/www.kolbeek.com\/pt-br\/","name":"kolbeek | Consultoria de Marketing Digital Para Empresas, ONG's e Escolas","isPartOf":{"@id":"https:\/\/www.kolbeek.com\/pt-br\/#website"},"primaryImageOfPage":{"@id":"https:\/\/www.kolbeek.com\/pt-br\/#primaryimage"},"image":{"@id":"https:\/\/www.kolbeek.com\/pt-br\/#primaryimage"},"thumbnailUrl":"http:\/\/www.kolbeek.com\/wp-content\/uploads\/nao-aguento-mais.gif","datePublished":"2019-08-16T17:43:55+00:00","dateModified":"2025-04-01T13:57:31+00:00","description":"Chega de se estressar sobre o seu marketing digital. Resolve seu marketing online de uma vez por todos agora! Deixa o Hans cuidar disso para voc\u00ea.","breadcrumb":{"@id":"https:\/\/www.kolbeek.com\/pt-br\/#breadcrumb"},"inLanguage":"pt-BR","potentialAction":[{"@type":"ReadAction","target":["https:\/\/www.kolbeek.com\/pt-br\/"]}]},{"@type":"ImageObject","inLanguage":"pt-BR","@id":"https:\/\/www.kolbeek.com\/pt-br\/#primaryimage","url":"http:\/\/www.kolbeek.com\/wp-content\/uploads\/nao-aguento-mais.gif","contentUrl":"http:\/\/www.kolbeek.com\/wp-content\/uploads\/nao-aguento-mais.gif"},{"@type":"BreadcrumbList","@id":"https:\/\/www.kolbeek.com\/pt-br\/#breadcrumb","itemListElement":[{"@type":"ListItem","position":1,"name":"Home","item":"https:\/\/www.kolbeek.com\/pt-br\/"},{"@type":"ListItem","position":2,"name":"Home"}]},{"@type":"WebSite","@id":"https:\/\/www.kolbeek.com\/pt-br\/#website","url":"https:\/\/www.kolbeek.com\/pt-br\/","name":"Online marketing consultancy van Hans Kolbeek","description":"","publisher":{"@id":"https:\/\/www.kolbeek.com\/pt-br\/#organization"},"potentialAction":[{"@type":"SearchAction","target":{"@type":"EntryPoint","urlTemplate":"https:\/\/www.kolbeek.com\/pt-br\/?s={search_term_string}"},"query-input":{"@type":"PropertyValueSpecification","valueRequired":true,"valueName":"search_term_string"}}],"inLanguage":"pt-BR"},{"@type":"Organization","@id":"https:\/\/www.kolbeek.com\/pt-br\/#organization","name":"Kolbeek Online Marketing","url":"https:\/\/www.kolbeek.com\/pt-br\/","logo":{"@type":"ImageObject","inLanguage":"pt-BR","@id":"https:\/\/www.kolbeek.com\/pt-br\/#\/schema\/logo\/image\/","url":"http:\/\/www.kolbeek.com\/wp-content\/uploads\/footer.png","contentUrl":"http:\/\/www.kolbeek.com\/wp-content\/uploads\/footer.png","width":416,"height":111,"caption":"Kolbeek Online Marketing"},"image":{"@id":"https:\/\/www.kolbeek.com\/pt-br\/#\/schema\/logo\/image\/"},"sameAs":["https:\/\/www.facebook.com\/kolbeeknl","https:\/\/x.com\/kolbeekNL","https:\/\/instagram.com\/kolbeekNL","https:\/\/linkedin.com\/in\/hanskolbeek"]}]}},"_links":{"self":[{"href":"https:\/\/www.kolbeek.com\/pt-br\/wp-json\/wp\/v2\/pages\/1158","targetHints":{"allow":["GET"]}}],"collection":[{"href":"https:\/\/www.kolbeek.com\/pt-br\/wp-json\/wp\/v2\/pages"}],"about":[{"href":"https:\/\/www.kolbeek.com\/pt-br\/wp-json\/wp\/v2\/types\/page"}],"author":[{"embeddable":true,"href":"https:\/\/www.kolbeek.com\/pt-br\/wp-json\/wp\/v2\/users\/1"}],"replies":[{"embeddable":true,"href":"https:\/\/www.kolbeek.com\/pt-br\/wp-json\/wp\/v2\/comments?post=1158"}],"version-history":[{"count":2,"href":"https:\/\/www.kolbeek.com\/pt-br\/wp-json\/wp\/v2\/pages\/1158\/revisions"}],"predecessor-version":[{"id":4123,"href":"https:\/\/www.kolbeek.com\/pt-br\/wp-json\/wp\/v2\/pages\/1158\/revisions\/4123"}],"wp:attachment":[{"href":"https:\/\/www.kolbeek.com\/pt-br\/wp-json\/wp\/v2\/media?parent=1158"}],"curies":[{"name":"wp","href":"https:\/\/api.w.org\/{rel}","templated":true}]}}